{"id":713,"date":"2024-11-17T14:52:18","date_gmt":"2024-11-17T14:52:18","guid":{"rendered":"https:\/\/www.mayowa.ch\/?page_id=713"},"modified":"2024-11-17T21:33:48","modified_gmt":"2024-11-17T21:33:48","slug":"impressum","status":"publish","type":"page","link":"https:\/\/www.mayowa.ch\/en\/impressum\/","title":{"rendered":"Impressum"},"content":{"rendered":"<div data-elementor-type=\"wp-page\" data-elementor-id=\"713\" class=\"elementor elementor-713\">\n\t\t\t\t\t\t<section class=\"elementor-section elementor-top-section elementor-element elementor-element-1d54930d elementor-section-boxed elementor-section-height-default elementor-section-height-default\" data-id=\"1d54930d\" data-element_type=\"section\" data-e-type=\"section\" id=\"xs_cta_style_10\" data-settings=\"{&quot;background_background&quot;:&quot;classic&quot;}\">\n\t\t\t\t\t\t<div class=\"elementor-container elementor-column-gap-default\">\n\t\t\t\t\t<div class=\"elementor-column elementor-col-100 elementor-top-column elementor-element elementor-element-17c6af46\" data-id=\"17c6af46\" data-element_type=\"column\" data-e-type=\"column\">\n\t\t\t<div class=\"elementor-widget-wrap elementor-element-populated\">\n\t\t\t\t\t\t<div class=\"elementor-element elementor-element-7c68ea22 elementor-widget elementor-widget-elementskit-heading\" data-id=\"7c68ea22\" data-element_type=\"widget\" data-e-type=\"widget\" data-widget_type=\"elementskit-heading.default\">\n\t\t\t\t<div class=\"elementor-widget-container\">\n\t\t\t\t\t<div class=\"ekit-wid-con\" ><div class=\"ekit-heading elementskit-section-title-wraper text_left   ekit_heading_tablet-   ekit_heading_mobile-\"><h2 class=\"ekit-heading--title elementskit-section-title\">Impressum Mayowa<\/h2><div class=\"ekit_heading_separetor_wraper ekit_heading_elementskit-border-divider ekit-dotted\"><div class=\"elementskit-border-divider ekit-dotted\"><\/div><\/div><h3 class=\"ekit-heading--subtitle elementskit-section-subtitle\">\n\t\t\t\t\t\tHaben Sie Fragen oder Anregungen zu Mayowa oder zu einzelnen Inhalten? Wir helfen Ihnen gerne weiter.\n\t\t\t\t\t<\/h3>\t\t\t\t<div class='ekit-heading__description'>\n\t\t\t\t\t<p>Mayowa GmbH<\/p>\n<p>Frauenfelderstrasse 107<\/p>\n<p>8404 Winterthur<\/p>\n<p>\u00a0<\/p>\n<p>info@mayowa.ch<\/p>\n<p>+41 76 xxx xxx<\/p>\n\t\t\t\t<\/div>\n\t\t\t<\/div><\/div>\t\t\t\t<\/div>\n\t\t\t\t<\/div>\n\t\t\t\t<div class=\"elementor-element elementor-element-8f657e5 elementor-widget elementor-widget-elementskit-heading\" data-id=\"8f657e5\" data-element_type=\"widget\" data-e-type=\"widget\" data-widget_type=\"elementskit-heading.default\">\n\t\t\t\t<div class=\"elementor-widget-container\">\n\t\t\t\t\t<div class=\"ekit-wid-con\" ><div class=\"ekit-heading elementskit-section-title-wraper text_left   ekit_heading_tablet-   ekit_heading_mobile-\"><h2 class=\"ekit-heading--title elementskit-section-title\">Vertretungsberechtigte Person<\/h2>\t\t\t\t<div class='ekit-heading__description'>\n\t\t\t\t\t<p><span style=\"font-weight: 400\">Naratip Sriutamayothin<br \/><\/span><\/p>\n<p>Nadja Wagenbichler<\/p>\n\t\t\t\t<\/div>\n\t\t\t<\/div><\/div>\t\t\t\t<\/div>\n\t\t\t\t<\/div>\n\t\t\t\t<div class=\"elementor-element elementor-element-53e19f96 elementor-widget elementor-widget-elementskit-heading\" data-id=\"53e19f96\" data-element_type=\"widget\" data-e-type=\"widget\" data-widget_type=\"elementskit-heading.default\">\n\t\t\t\t<div class=\"elementor-widget-container\">\n\t\t\t\t\t<div class=\"ekit-wid-con\" ><div class=\"ekit-heading elementskit-section-title-wraper text_left   ekit_heading_tablet-   ekit_heading_mobile-\"><h2 class=\"ekit-heading--title elementskit-section-title\">Copyright beim Herausgeber<\/h2>\t\t\t\t<div class='ekit-heading__description'>\n\t\t\t\t\t<p>Globetrotter Travel Service AG. Reproduktion und Nachahmung der Inhalte dieser Website in jeglicher Form, auch auszugsweise, ist nur mit schriftlicher Genehmigung erlaubt. Unberechtigte Vervielf\u00e4ltigung und\/oder Verbreitung von Inhalten dieser Seiten stellt eine Verletzung des Schweizerischen Urheberrechtsgesetzes dar.<\/p>\n\t\t\t\t<\/div>\n\t\t\t<\/div><\/div>\t\t\t\t<\/div>\n\t\t\t\t<\/div>\n\t\t\t\t<div class=\"elementor-element elementor-element-a0d189b elementor-widget elementor-widget-elementskit-heading\" data-id=\"a0d189b\" data-element_type=\"widget\" data-e-type=\"widget\" data-widget_type=\"elementskit-heading.default\">\n\t\t\t\t<div class=\"elementor-widget-container\">\n\t\t\t\t\t<div class=\"ekit-wid-con\" ><div class=\"ekit-heading elementskit-section-title-wraper text_left   ekit_heading_tablet-   ekit_heading_mobile-\"><h2 class=\"ekit-heading--title elementskit-section-title\">Haftungsausschluss<\/h2>\t\t\t\t<div class='ekit-heading__description'>\n\t\t\t\t\t<p>Obwohl wir die Inhalte dieser Website mit grosser Sorgfalt pflegen, k\u00f6nnen wir f\u00fcr die inhaltliche Richtigkeit, Vollst\u00e4ndigkeit und Auswahl keine Haftung irgendeiner Art \u00fcbernehmen. Handlungen, die auf den in dieser Website enthaltenen Angaben basieren, geschehen auf eigene Verantwortung.<\/p>\n\t\t\t\t<\/div>\n\t\t\t<\/div><\/div>\t\t\t\t<\/div>\n\t\t\t\t<\/div>\n\t\t\t\t<div class=\"elementor-element elementor-element-8a92d28 elementor-widget elementor-widget-elementskit-heading\" data-id=\"8a92d28\" data-element_type=\"widget\" data-e-type=\"widget\" data-widget_type=\"elementskit-heading.default\">\n\t\t\t\t<div class=\"elementor-widget-container\">\n\t\t\t\t\t<div class=\"ekit-wid-con\" ><div class=\"ekit-heading elementskit-section-title-wraper text_left   ekit_heading_tablet-   ekit_heading_mobile-\"><h2 class=\"ekit-heading--title elementskit-section-title\">Links<\/h2>\t\t\t\t<div class='ekit-heading__description'>\n\t\t\t\t\t<p>Gerne weisen wir dich darauf hin, dass wir keinerlei Einfluss auf die Gestaltung und Inhalte der gelinkten Seiten haben. Diese Links sind als Service gedacht und werden auf eigene Verantwortung genutzt.<\/p>\n\t\t\t\t<\/div>\n\t\t\t<\/div><\/div>\t\t\t\t<\/div>\n\t\t\t\t<\/div>\n\t\t\t\t<div class=\"elementor-element elementor-element-4f701a8 elementor-widget elementor-widget-elementskit-heading\" data-id=\"4f701a8\" data-element_type=\"widget\" data-e-type=\"widget\" data-widget_type=\"elementskit-heading.default\">\n\t\t\t\t<div class=\"elementor-widget-container\">\n\t\t\t\t\t<div class=\"ekit-wid-con\" ><div class=\"ekit-heading elementskit-section-title-wraper text_left   ekit_heading_tablet-   ekit_heading_mobile-\"><h2 class=\"ekit-heading--title elementskit-section-title\">Urheberrechte<\/h2>\t\t\t\t<div class='ekit-heading__description'>\n\t\t\t\t\t<p>Die Urheber- und alle anderen Rechte an Inhalten, Bildern, Fotos oder anderen Dateien auf dieser Website, geh\u00f6ren ausschliesslich der Firma Dreamtime Travel AG oder den speziell genannten Rechteinhabern. F\u00fcr die Reproduktion jeglicher Elemente ist die schriftliche Zustimmung des Urheberrechtstr\u00e4gers im Voraus einzuholen.<\/p>\n\t\t\t\t<\/div>\n\t\t\t<\/div><\/div>\t\t\t\t<\/div>\n\t\t\t\t<\/div>\n\t\t\t\t\t<\/div>\n\t\t<\/div>\n\t\t\t\t\t<\/div>\n\t\t<\/section>\n\t\t\t\t<\/div>","protected":false},"excerpt":{"rendered":"<p>Impressum Mayowa Haben Sie Fragen oder Anregungen zu Mayowa oder zu einzelnen Inhalten? Wir helfen Ihnen gerne weiter. Mayowa GmbH Frauenfelderstrasse 107 8404 Winterthur \u00a0 info@mayowa.ch +41 76 xxx xxx Vertretungsberechtigte Person Naratip Sriutamayothin Nadja Wagenbichler Copyright beim Herausgeber Globetrotter Travel Service AG. Reproduktion und Nachahmung der Inhalte dieser Website in jeglicher Form, auch auszugsweise, [&hellip;]<\/p>","protected":false},"author":1,"featured_media":0,"parent":0,"menu_order":0,"comment_status":"closed","ping_status":"closed","template":"","meta":{"ocean_post_layout":"full-screen","ocean_both_sidebars_style":"","ocean_both_sidebars_content_width":0,"ocean_both_sidebars_sidebars_width":0,"ocean_sidebar":"","ocean_second_sidebar":"","ocean_disable_margins":"enable","ocean_add_body_class":"","ocean_shortcode_before_top_bar":"","ocean_shortcode_after_top_bar":"","ocean_shortcode_before_header":"","ocean_shortcode_after_header":"","ocean_has_shortcode":"","ocean_shortcode_after_title":"","ocean_shortcode_before_footer_widgets":"","ocean_shortcode_after_footer_widgets":"","ocean_shortcode_before_footer_bottom":"","ocean_shortcode_after_footer_bottom":"","ocean_display_top_bar":"off","ocean_display_header":"default","ocean_header_style":"","ocean_center_header_left_menu":"","ocean_custom_header_template":"","ocean_custom_logo":0,"ocean_custom_retina_logo":0,"ocean_custom_logo_max_width":0,"ocean_custom_logo_tablet_max_width":0,"ocean_custom_logo_mobile_max_width":0,"ocean_custom_logo_max_height":0,"ocean_custom_logo_tablet_max_height":0,"ocean_custom_logo_mobile_max_height":0,"ocean_header_custom_menu":"","ocean_menu_typo_font_family":"","ocean_menu_typo_font_subset":"","ocean_menu_typo_font_size":0,"ocean_menu_typo_font_size_tablet":0,"ocean_menu_typo_font_size_mobile":0,"ocean_menu_typo_font_size_unit":"px","ocean_menu_typo_font_weight":"","ocean_menu_typo_font_weight_tablet":"","ocean_menu_typo_font_weight_mobile":"","ocean_menu_typo_transform":"","ocean_menu_typo_transform_tablet":"","ocean_menu_typo_transform_mobile":"","ocean_menu_typo_line_height":0,"ocean_menu_typo_line_height_tablet":0,"ocean_menu_typo_line_height_mobile":0,"ocean_menu_typo_line_height_unit":"","ocean_menu_typo_spacing":0,"ocean_menu_typo_spacing_tablet":0,"ocean_menu_typo_spacing_mobile":0,"ocean_menu_typo_spacing_unit":"","ocean_menu_link_color":"","ocean_menu_link_color_hover":"","ocean_menu_link_color_active":"","ocean_menu_link_background":"","ocean_menu_link_hover_background":"","ocean_menu_link_active_background":"","ocean_menu_social_links_bg":"","ocean_menu_social_hover_links_bg":"","ocean_menu_social_links_color":"","ocean_menu_social_hover_links_color":"","ocean_disable_title":"on","ocean_disable_heading":"default","ocean_post_title":"","ocean_post_subheading":"","ocean_post_title_style":"","ocean_post_title_background_color":"","ocean_post_title_background":0,"ocean_post_title_bg_image_position":"","ocean_post_title_bg_image_attachment":"","ocean_post_title_bg_image_repeat":"","ocean_post_title_bg_image_size":"","ocean_post_title_height":0,"ocean_post_title_bg_overlay":0.5,"ocean_post_title_bg_overlay_color":"","ocean_disable_breadcrumbs":"default","ocean_breadcrumbs_color":"","ocean_breadcrumbs_separator_color":"","ocean_breadcrumbs_links_color":"","ocean_breadcrumbs_links_hover_color":"","ocean_display_footer_widgets":"off","ocean_display_footer_bottom":"off","ocean_custom_footer_template":"","footnotes":""},"class_list":["post-713","page","type-page","status-publish","hentry","entry"],"yoast_head":"<!-- This site is optimized with the Yoast SEO plugin v27.4 - https:\/\/yoast.com\/product\/yoast-seo-wordpress\/ -->\n<title>Impressum - Mayowa<\/title>\n<meta name=\"robots\" content=\"index, follow, max-snippet:-1, max-image-preview:large, max-video-preview:-1\" \/>\n<link rel=\"canonical\" href=\"https:\/\/www.mayowa.ch\/en\/impressum\/\" \/>\n<meta property=\"og:locale\" content=\"en_GB\" \/>\n<meta property=\"og:type\" content=\"article\" \/>\n<meta property=\"og:title\" content=\"Impressum - Mayowa\" \/>\n<meta property=\"og:description\" content=\"Impressum Mayowa Haben Sie Fragen oder Anregungen zu Mayowa oder zu einzelnen Inhalten? Wir helfen Ihnen gerne weiter. Mayowa GmbH Frauenfelderstrasse 107 8404 Winterthur \u00a0 info@mayowa.ch +41 76 xxx xxx Vertretungsberechtigte Person Naratip Sriutamayothin Nadja Wagenbichler Copyright beim Herausgeber Globetrotter Travel Service AG. Reproduktion und Nachahmung der Inhalte dieser Website in jeglicher Form, auch auszugsweise, [&hellip;]\" \/>\n<meta property=\"og:url\" content=\"https:\/\/www.mayowa.ch\/en\/impressum\/\" \/>\n<meta property=\"og:site_name\" content=\"Mayowa\" \/>\n<meta property=\"article:modified_time\" content=\"2024-11-17T21:33:48+00:00\" \/>\n<meta name=\"twitter:card\" content=\"summary_large_image\" \/>\n<meta name=\"twitter:label1\" content=\"Estimated reading time\" \/>\n\t<meta name=\"twitter:data1\" content=\"2 minutes\" \/>\n<script type=\"application\/ld+json\" class=\"yoast-schema-graph\">{\"@context\":\"https:\\\/\\\/schema.org\",\"@graph\":[{\"@type\":\"WebPage\",\"@id\":\"https:\\\/\\\/www.mayowa.ch\\\/impressum\\\/\",\"url\":\"https:\\\/\\\/www.mayowa.ch\\\/impressum\\\/\",\"name\":\"Impressum - Mayowa\",\"isPartOf\":{\"@id\":\"https:\\\/\\\/www.mayowa.ch\\\/#website\"},\"datePublished\":\"2024-11-17T14:52:18+00:00\",\"dateModified\":\"2024-11-17T21:33:48+00:00\",\"breadcrumb\":{\"@id\":\"https:\\\/\\\/www.mayowa.ch\\\/impressum\\\/#breadcrumb\"},\"inLanguage\":\"en-GB\",\"potentialAction\":[{\"@type\":\"ReadAction\",\"target\":[\"https:\\\/\\\/www.mayowa.ch\\\/impressum\\\/\"]}]},{\"@type\":\"BreadcrumbList\",\"@id\":\"https:\\\/\\\/www.mayowa.ch\\\/impressum\\\/#breadcrumb\",\"itemListElement\":[{\"@type\":\"ListItem\",\"position\":1,\"name\":\"Startseite\",\"item\":\"https:\\\/\\\/www.mayowa.ch\\\/\"},{\"@type\":\"ListItem\",\"position\":2,\"name\":\"Impressum\"}]},{\"@type\":\"WebSite\",\"@id\":\"https:\\\/\\\/www.mayowa.ch\\\/#website\",\"url\":\"https:\\\/\\\/www.mayowa.ch\\\/\",\"name\":\"Mayowa\",\"description\":\"Mayowa\",\"potentialAction\":[{\"@type\":\"SearchAction\",\"target\":{\"@type\":\"EntryPoint\",\"urlTemplate\":\"https:\\\/\\\/www.mayowa.ch\\\/?s={search_term_string}\"},\"query-input\":{\"@type\":\"PropertyValueSpecification\",\"valueRequired\":true,\"valueName\":\"search_term_string\"}}],\"inLanguage\":\"en-GB\"}]}<\/script>\n<!-- \/ Yoast SEO plugin. -->","yoast_head_json":{"title":"Impressum - Mayowa","robots":{"index":"index","follow":"follow","max-snippet":"max-snippet:-1","max-image-preview":"max-image-preview:large","max-video-preview":"max-video-preview:-1"},"canonical":"https:\/\/www.mayowa.ch\/en\/impressum\/","og_locale":"en_GB","og_type":"article","og_title":"Impressum - Mayowa","og_description":"Impressum Mayowa Haben Sie Fragen oder Anregungen zu Mayowa oder zu einzelnen Inhalten? Wir helfen Ihnen gerne weiter. Mayowa GmbH Frauenfelderstrasse 107 8404 Winterthur \u00a0 info@mayowa.ch +41 76 xxx xxx Vertretungsberechtigte Person Naratip Sriutamayothin Nadja Wagenbichler Copyright beim Herausgeber Globetrotter Travel Service AG. Reproduktion und Nachahmung der Inhalte dieser Website in jeglicher Form, auch auszugsweise, [&hellip;]","og_url":"https:\/\/www.mayowa.ch\/en\/impressum\/","og_site_name":"Mayowa","article_modified_time":"2024-11-17T21:33:48+00:00","twitter_card":"summary_large_image","twitter_misc":{"Estimated reading time":"2 minutes"},"schema":{"@context":"https:\/\/schema.org","@graph":[{"@type":"WebPage","@id":"https:\/\/www.mayowa.ch\/impressum\/","url":"https:\/\/www.mayowa.ch\/impressum\/","name":"Impressum - Mayowa","isPartOf":{"@id":"https:\/\/www.mayowa.ch\/#website"},"datePublished":"2024-11-17T14:52:18+00:00","dateModified":"2024-11-17T21:33:48+00:00","breadcrumb":{"@id":"https:\/\/www.mayowa.ch\/impressum\/#breadcrumb"},"inLanguage":"en-GB","potentialAction":[{"@type":"ReadAction","target":["https:\/\/www.mayowa.ch\/impressum\/"]}]},{"@type":"BreadcrumbList","@id":"https:\/\/www.mayowa.ch\/impressum\/#breadcrumb","itemListElement":[{"@type":"ListItem","position":1,"name":"Startseite","item":"https:\/\/www.mayowa.ch\/"},{"@type":"ListItem","position":2,"name":"Impressum"}]},{"@type":"WebSite","@id":"https:\/\/www.mayowa.ch\/#website","url":"https:\/\/www.mayowa.ch\/","name":"Mayowa","description":"Mayowa","potentialAction":[{"@type":"SearchAction","target":{"@type":"EntryPoint","urlTemplate":"https:\/\/www.mayowa.ch\/?s={search_term_string}"},"query-input":{"@type":"PropertyValueSpecification","valueRequired":true,"valueName":"search_term_string"}}],"inLanguage":"en-GB"}]}},"_links":{"self":[{"href":"https:\/\/www.mayowa.ch\/en\/wp-json\/wp\/v2\/pages\/713","targetHints":{"allow":["GET"]}}],"collection":[{"href":"https:\/\/www.mayowa.ch\/en\/wp-json\/wp\/v2\/pages"}],"about":[{"href":"https:\/\/www.mayowa.ch\/en\/wp-json\/wp\/v2\/types\/page"}],"author":[{"embeddable":true,"href":"https:\/\/www.mayowa.ch\/en\/wp-json\/wp\/v2\/users\/1"}],"replies":[{"embeddable":true,"href":"https:\/\/www.mayowa.ch\/en\/wp-json\/wp\/v2\/comments?post=713"}],"version-history":[{"count":46,"href":"https:\/\/www.mayowa.ch\/en\/wp-json\/wp\/v2\/pages\/713\/revisions"}],"predecessor-version":[{"id":818,"href":"https:\/\/www.mayowa.ch\/en\/wp-json\/wp\/v2\/pages\/713\/revisions\/818"}],"wp:attachment":[{"href":"https:\/\/www.mayowa.ch\/en\/wp-json\/wp\/v2\/media?parent=713"}],"curies":[{"name":"wp","href":"https:\/\/api.w.org\/{rel}","templated":true}]}}